{"id":1851,"date":"2021-07-20T20:03:00","date_gmt":"2021-07-20T20:03:00","guid":{"rendered":"https:\/\/coopluzelena.com.ar\/NewSite\/?page_id=1851"},"modified":"2026-03-17T12:43:50","modified_gmt":"2026-03-17T12:43:50","slug":"energia-electrica-urbana-y-rural-2","status":"publish","type":"page","link":"https:\/\/coopluzelena.com.ar\/NewSite\/energia-electrica-urbana-y-rural-2\/","title":{"rendered":"Energ\u00eda El\u00e9ctrica Urbana y Rural"},"content":{"rendered":"<h4>Servicios<\/h4>\n<h1>Energ\u00eda El\u00e9ctrica Urbana y Rural<\/h1>\n<p>La Cooperativa de Luz y Fuerza de Elena Limitada brinda a la comunidad de Elena el servicio de energ\u00eda el\u00e9ctrica. Adem\u00e1s el servicio se presta en las localidades de Villa El Chacay, Las Albahacas y Rio Seco, como as\u00ed tambi\u00e9n a las zonas rurales con una cobertura de 1050 km2, lo cual implica un trabajo constante de mantenimiento de las l\u00edneas por parte de nuestro personal.<\/p>\n<h3>\n\t\t\t\t\t\tTel\u00e9fono de guardia<br \/>\n\t\t\t\t<\/h3>\n<p>\n\t\t\t\t\t\tElena: 358 &#8211; 6542129\t\t\t\t\t<\/p>\n<h2>\u00bfCu\u00e1les son los requisitos para solicitar el alta del servicio?<\/h2>\n<ul>\n<li>\n\t\t\t\t\t\t\t\t\t\tBoleto compra venta de propiedad, escritura o contrato de alquiler\n\t\t\t\t\t\t\t\t\t<\/li>\n<li>\n\t\t\t\t\t\t\t\t\t\tDNI\n\t\t\t\t\t\t\t\t\t<\/li>\n<li>\n\t\t\t\t\t\t\t\t\t\t\t<a href=\"https:\/\/coopluzelena.com.ar\/NewSite\/wp-content\/uploads\/2021\/08\/WhatsApp-Image-2021-08-23-at-18.01.43.jpeg\"><br \/>\n\t\t\t\t\t\t\t\t\t\tCertificaci\u00f3n electricista matriculado (ver listado)<br \/>\n\t\t\t\t\t\t\t\t\t\t\t<\/a>\n\t\t\t\t\t\t\t\t\t<\/li>\n<li>\n\t\t\t\t\t\t\t\t\t\tPermiso municipal y\/o comunal\n\t\t\t\t\t\t\t\t\t<\/li>\n<li>\n\t\t\t\t\t\t\t\t\t\tLlenado y firma de solicitud para asociarse a la coop.\n\t\t\t\t\t\t\t\t\t<\/li>\n<\/ul>\n<p>\t\t\t\t\t\t\t\t\t\t\t\t\t\t\t\t<a href=\"https:\/\/coopluzelena.com.ar\/NewSite\/wp-content\/uploads\/2021\/09\/MCF_3630-scaled.jpg\" data-elementor-open-lightbox=\"yes\" data-elementor-lightbox-title=\"MCF_3630\"><br \/>\n\t\t\t\t\t\t\t<img loading=\"lazy\" decoding=\"async\" width=\"1709\" height=\"2560\" src=\"https:\/\/coopluzelena.com.ar\/NewSite\/wp-content\/uploads\/2021\/09\/MCF_3630-scaled.jpg\" alt=\"\" loading=\"lazy\" \/>\t\t\t\t\t\t\t\t<\/a><\/p>\n<h2>ELECTRICISTAS MATRICULADOS<\/h2>\n<h5>Listado de electricistas habilitados para actuar en el marco de la Ley N\u00b0 1028 de Seguridad El\u00e9ctrica.<\/h5>\n<p>\t\t\t\t\t\t\t\t\t\t\t\t<a href=\"\">Roberto Fern\u00e1ndez<\/a><\/p>\n<h5>Tel\u00e9fono de contacto: 358 &#8211; 6545755<\/h5>\n<p>\t\t\t\t\t\t\t\t\t\t\t\t<a href=\"\">Juan Pablo Massini<\/a><\/p>\n<h5>Tel\u00e9fono de contacto: 358 &#8211; 6011146<\/h5>\n<p>\t\t\t\t\t\t\t\t\t\t\t\t<a href=\"\">Sergio Paulich<\/a><\/p>\n<h5>Tel\u00e9fono de contacto: 358 &#8211; 6003199<\/h5>\n<p>\t\t\t\t\t\t\t\t\t\t\t\t<a href=\"\">Mart\u00edn Torres<\/a><\/p>\n<h5>Tel\u00e9fono de contacto: 358 &#8211; 5600577<\/h5>\n<p>\t\t\t\t\t\t\t\t\t\t\t\t<a href=\"\">Sim\u00f3n Trespidi<\/a><\/p>\n<h5>Tel\u00e9fono de contacto: 358 &#8211; 6540594<\/h5>\n<p>\t\t\t\t\t\t\t\t\t\t\t\t<a href=\"\">Valentina Fumero<\/a><\/p>\n<h5>Tel\u00e9fono de contacto: 358 &#8211; 4221746<\/h5>\n<p>\t\t\t\t\t\t\t\t\t\t\t\t<a href=\"\">Bel\u00e9n Rossaroli<\/a><\/p>\n<h5>Tel\u00e9fono de contacto: 358 &#8211; 4846581<\/h5>\n<p>\t\t\t\t\t\t\t\t\t\t\t\t<a href=\"\">Leonardo Guizzardi<\/a><\/p>\n<h5>Tel\u00e9fono de contacto: 358 &#8211; 4259519<\/h5>\n<p>\t\t\t\t\t\t\t\t\t\t\t\t<a href=\"\">Javier Oviedo<\/a><\/p>\n<h5>Tel\u00e9fono de contacto: 358 &#8211; 4014709<\/h5>\n<p>\t\t\t\t\t\t\t\t\t\t\t\t<a href=\"\">Andr\u00e9s Storello<\/a><\/p>\n<h5>Tel\u00e9fono de contacto: 358 &#8211; 4239949<\/h5>\n<p>\t\t\t\t\t\t\t\t\t\t\t\t<a href=\"\">N\u00e9stor Ra\u00fal Mart\u00ednez<\/a><\/p>\n<h5>Tel\u00e9fono de contacto: 358 &#8211; 6016923<\/h5>\n","protected":false},"excerpt":{"rendered":"<p>Servicios Energ\u00eda El\u00e9ctrica Urbana y Rural La Cooperativa de Luz y Fuerza de Elena Limitada brinda a la comunidad de Elena el servicio de energ\u00eda el\u00e9ctrica. Adem\u00e1s el servicio se presta en las localidades de Villa El Chacay, Las Albahacas y Rio Seco, como as\u00ed tambi\u00e9n a las zonas rurales con una cobertura de 1050 [&hellip;]<\/p>\n","protected":false},"author":3,"featured_media":0,"parent":0,"menu_order":0,"comment_status":"closed","ping_status":"closed","template":"","meta":{"site-sidebar-layout":"no-sidebar","site-content-layout":"page-builder","ast-site-content-layout":"full-width-container","site-content-style":"unboxed","site-sidebar-style":"unboxed","ast-global-header-display":"","ast-banner-title-visibility":"","ast-main-header-display":"","ast-hfb-above-header-display":"","ast-hfb-below-header-display":"","ast-hfb-mobile-header-display":"","site-post-title":"disabled","ast-breadcrumbs-content":"","ast-featured-img":"disabled","footer-sml-layout":"","ast-disable-related-posts":"","theme-transparent-header-meta":"default","adv-header-id-meta":"","stick-header-meta":"default","header-above-stick-meta":"","header-main-stick-meta":"","header-below-stick-meta":"","astra-migrate-meta-layouts":"set","ast-page-background-enabled":"default","ast-page-background-meta":{"desktop":{"background-color":"","background-image":"","background-repeat":"repeat","background-position":"center center","background-size":"auto","background-attachment":"scroll","background-type":"","background-media":"","overlay-type":"","overlay-color":"","overlay-opacity":"","overlay-gradient":""},"tablet":{"background-color":"","background-image":"","background-repeat":"repeat","background-position":"center center","background-size":"auto","background-attachment":"scroll","background-type":"","background-media":"","overlay-type":"","overlay-color":"","overlay-opacity":"","overlay-gradient":""},"mobile":{"background-color":"","background-image":"","background-repeat":"repeat","background-position":"center center","background-size":"auto","background-attachment":"scroll","background-type":"","background-media":"","overlay-type":"","overlay-color":"","overlay-opacity":"","overlay-gradient":""}},"ast-content-background-meta":{"desktop":{"background-color":"var(--ast-global-color-5)","background-image":"","background-repeat":"repeat","background-position":"center center","background-size":"auto","background-attachment":"scroll","background-type":"","background-media":"","overlay-type":"","overlay-color":"","overlay-opacity":"","overlay-gradient":""},"tablet":{"background-color":"var(--ast-global-color-5)","background-image":"","background-repeat":"repeat","background-position":"center center","background-size":"auto","background-attachment":"scroll","background-type":"","background-media":"","overlay-type":"","overlay-color":"","overlay-opacity":"","overlay-gradient":""},"mobile":{"background-color":"var(--ast-global-color-5)","background-image":"","background-repeat":"repeat","background-position":"center center","background-size":"auto","background-attachment":"scroll","background-type":"","background-media":"","overlay-type":"","overlay-color":"","overlay-opacity":"","overlay-gradient":""}},"footnotes":""},"class_list":["post-1851","page","type-page","status-publish","hentry"],"_links":{"self":[{"href":"https:\/\/coopluzelena.com.ar\/NewSite\/wp-json\/wp\/v2\/pages\/1851","targetHints":{"allow":["GET"]}}],"collection":[{"href":"https:\/\/coopluzelena.com.ar\/NewSite\/wp-json\/wp\/v2\/pages"}],"about":[{"href":"https:\/\/coopluzelena.com.ar\/NewSite\/wp-json\/wp\/v2\/types\/page"}],"author":[{"embeddable":true,"href":"https:\/\/coopluzelena.com.ar\/NewSite\/wp-json\/wp\/v2\/users\/3"}],"replies":[{"embeddable":true,"href":"https:\/\/coopluzelena.com.ar\/NewSite\/wp-json\/wp\/v2\/comments?post=1851"}],"version-history":[{"count":128,"href":"https:\/\/coopluzelena.com.ar\/NewSite\/wp-json\/wp\/v2\/pages\/1851\/revisions"}],"predecessor-version":[{"id":3336,"href":"https:\/\/coopluzelena.com.ar\/NewSite\/wp-json\/wp\/v2\/pages\/1851\/revisions\/3336"}],"wp:attachment":[{"href":"https:\/\/coopluzelena.com.ar\/NewSite\/wp-json\/wp\/v2\/media?parent=1851"}],"curies":[{"name":"wp","href":"https:\/\/api.w.org\/{rel}","templated":true}]}}